{"id":1102964,"date":"2021-07-03T07:13:02","date_gmt":"2021-07-03T05:13:02","guid":{"rendered":"https:\/\/paris-elysees.com\/?page_id=1102964"},"modified":"2025-05-12T10:47:33","modified_gmt":"2025-05-12T08:47:33","slug":"proximamente","status":"publish","type":"page","link":"https:\/\/paris-elysees.com\/es\/proximamente\/","title":{"rendered":"Pr\u00f3ximamente"},"content":{"rendered":"<p>[et_pb_section fb_built=&#8221;1&#8243; _builder_version=&#8221;4.27.4&#8243; _module_preset=&#8221;default&#8221; custom_margin=&#8221;0px||0px||false|false&#8221; custom_padding=&#8221;10vh||0px||false|false&#8221; global_colors_info=&#8221;{}&#8221;][et_pb_row _builder_version=&#8221;4.26.0&#8243; _module_preset=&#8221;default&#8221; custom_margin=&#8221;0px||||false|false&#8221; custom_padding=&#8221;0px||||false|false&#8221; global_colors_info=&#8221;{}&#8221;][et_pb_column type=&#8221;4_4&#8243; _builder_version=&#8221;4.25.2&#8243; _module_preset=&#8221;default&#8221; pac_dcm_carousel_specific_module_num=&#8221;0&#8243; global_colors_info=&#8221;{}&#8221;][et_pb_image src=&#8221;https:\/\/paris-elysees.com\/wp-content\/uploads\/2024\/07\/HP_00_ParisElysees-100.png&#8221; alt=&#8221;Paris Elysees Parfums&#8221; title_text=&#8221;Paris Elysees Parfums&#8221; align=&#8221;center&#8221; admin_label=&#8221;Logo_Image&#8221; _builder_version=&#8221;4.27.4&#8243; _module_preset=&#8221;default&#8221; global_colors_info=&#8221;{}&#8221;][\/et_pb_image][et_pb_text admin_label=&#8221;Title_Text&#8221; _builder_version=&#8221;4.27.4&#8243; _module_preset=&#8221;default&#8221; header_font=&#8221;&#8211;et_global_heading_font|600|||||||&#8221; header_text_align=&#8221;center&#8221; header_text_color=&#8221;#000000&#8243; header_font_size=&#8221;16px&#8221; header_letter_spacing=&#8221;0.2px&#8221; hover_enabled=&#8221;0&#8243; global_colors_info=&#8221;{}&#8221; sticky_enabled=&#8221;0&#8243;]<\/p>\n<h1>Paris Elysees Parfums<\/h1>\n<p>[\/et_pb_text][et_pb_text admin_label=&#8221;Main_Text&#8221; _builder_version=&#8221;4.27.4&#8243; _module_preset=&#8221;default&#8221; text_font=&#8221;&#8211;et_global_body_font|500|||||||&#8221; text_text_color=&#8221;#000000&#8243; link_font=&#8221;&#8211;et_global_body_font|500|||||||&#8221; link_text_align=&#8221;center&#8221; link_text_color=&#8221;#000000&#8243; header_2_font=&#8221;&#8211;et_global_heading_font|600||on|||||&#8221; header_2_text_align=&#8221;center&#8221; header_2_text_color=&#8221;#000000&#8243; header_2_font_size=&#8221;18px&#8221; header_2_letter_spacing=&#8221;0.2px&#8221; header_2_line_height=&#8221;1.2em&#8221; background_color=&#8221;#f3f3f4&#8243; text_orientation=&#8221;center&#8221; module_alignment=&#8221;center&#8221; custom_margin=&#8221;20px|80px|20px|80px|true|true&#8221; custom_margin_tablet=&#8221;|50px||50px|true|true&#8221; custom_margin_phone=&#8221;20px|10px|20px|10px|true|true&#8221; custom_margin_last_edited=&#8221;on|phone&#8221; custom_padding=&#8221;80px|20px|60px|20px|false|true&#8221; hover_enabled=&#8221;0&#8243; border_radii=&#8221;on|25px|25px|25px|25px&#8221; global_colors_info=&#8221;{}&#8221; link_text_color__hover_enabled=&#8221;on|hover&#8221; link_text_color__hover=&#8221;#777777&#8243; sticky_enabled=&#8221;0&#8243;]<\/p>\n<h2 style=\"padding-bottom:20px;\">Nuestro sitio web est\u00e1 en mantenimiento<\/h2>\n<p style=\"padding-bottom:30px;\">Rogamos disculpen las molestias.<\/p>\n<p style=\"padding:20px 0px;\">Este mantenimiento programado de nuestro sitio web no deber\u00eda durar m\u00e1s de unas horas.<br \/>\n\u00a1Esperamos verle pronto en nuestro nuevo sitio web y tienda en l\u00ednea!<\/p>\n<p>[\/et_pb_text][et_pb_text admin_label=&#8221;Trouble_Text&#8221; _builder_version=&#8221;4.27.4&#8243; _module_preset=&#8221;default&#8221; text_font=&#8221;&#8211;et_global_body_font|500|||||||&#8221; text_text_color=&#8221;#000000&#8243; link_font=&#8221;&#8211;et_global_body_font|500|||||||&#8221; link_text_align=&#8221;center&#8221; link_text_color=&#8221;#000000&#8243; header_2_font=&#8221;&#8211;et_global_heading_font|600||on|||||&#8221; header_2_text_align=&#8221;center&#8221; header_2_text_color=&#8221;#000000&#8243; header_2_font_size=&#8221;13px&#8221; header_2_letter_spacing=&#8221;0.2px&#8221; header_2_line_height=&#8221;1.2em&#8221; background_color=&#8221;#FFFFFF&#8221; text_orientation=&#8221;center&#8221; module_alignment=&#8221;center&#8221; custom_margin=&#8221;40px||0px||false|false&#8221; custom_margin_tablet=&#8221;|50px||50px|true|true&#8221; custom_margin_phone=&#8221;20px|10px|20px|10px|true|true&#8221; custom_margin_last_edited=&#8221;off|desktop&#8221; custom_padding=&#8221;||||false|false&#8221; hover_enabled=&#8221;0&#8243; border_radii=&#8221;on|50px|50px|50px|50px&#8221; global_colors_info=&#8221;{}&#8221; link_text_color__hover=&#8221;#777777&#8243; link_text_color__hover_enabled=&#8221;on|hover&#8221; sticky_enabled=&#8221;0&#8243;]<\/p>\n<p>Si tiene alguna pregunta o solicitud sobre nuestras marcas o productos, <a href=\"mailto:admin@paris-elysees.com\" title=\"P\u00f3ngase en contacto con Paris Elysees Parfums\">p\u00f3ngase en contacto con nosotros<\/a>.<\/p>\n<p>[\/et_pb_text][et_pb_text admin_label=&#8221;Footer_Text&#8221; _builder_version=&#8221;4.27.4&#8243; _dynamic_attributes=&#8221;content&#8221; _module_preset=&#8221;default&#8221; text_font=&#8221;&#8211;et_global_body_font|500|||||||&#8221; text_text_color=&#8221;#000000&#8243; link_font=&#8221;&#8211;et_global_body_font|500|||||||&#8221; link_text_align=&#8221;center&#8221; link_text_color=&#8221;#000000&#8243; header_2_font=&#8221;&#8211;et_global_heading_font|600||on|||||&#8221; header_2_text_align=&#8221;center&#8221; header_2_text_color=&#8221;#000000&#8243; header_2_font_size=&#8221;13px&#8221; header_2_letter_spacing=&#8221;0.2px&#8221; header_2_line_height=&#8221;1.2em&#8221; background_color=&#8221;#FFFFFF&#8221; text_orientation=&#8221;center&#8221; module_alignment=&#8221;center&#8221; custom_margin=&#8221;0px||||false|false&#8221; custom_padding=&#8221;||||false|false&#8221; hover_enabled=&#8221;0&#8243; border_radii=&#8221;on|50px|50px|50px|50px&#8221; global_colors_info=&#8221;{}&#8221; link_text_color__hover=&#8221;#777777&#8243; link_text_color__hover_enabled=&#8221;on|hover&#8221; sticky_enabled=&#8221;0&#8243;]@ET-DC@eyJkeW5hbWljIjp0cnVlLCJjb250ZW50IjoiY3VycmVudF9kYXRlIiwic2V0dGluZ3MiOnsiYmVmb3JlIjoiJmNvcHk7ICIsImFmdGVyIjoiIDxhIGhyZWY9XCJodHRwczovL3BhcmlzLWVseXNlZXMuY29tXCI+UGFyaXMgRWx5c2VlcyBQYXJmdW1zPC9hPiAtIFRvZG9zIGxvcyBkZXJlY2hvcyByZXNlcnZhZG9zLiIsImRhdGVfZm9ybWF0IjoiY3VzdG9tIiwiY3VzdG9tX2RhdGVfZm9ybWF0IjoiWSJ9fQ==@[\/et_pb_text][\/et_pb_column][\/et_pb_row][\/et_pb_section]<\/p>\n<span class=\"et_bloom_bottom_trigger\"><\/span>","protected":false},"excerpt":{"rendered":"<p>Paris Elysees ParfumsNuestro sitio web est\u00e1 en mantenimiento Rogamos disculpen las molestias. Este mantenimiento programado de nuestro sitio web no deber\u00eda durar m\u00e1s de unas horas. \u00a1Esperamos verle pronto en nuestro nuevo sitio web y tienda en l\u00ednea!Si tiene alguna pregunta o solicitud sobre nuestras marcas o productos, p\u00f3ngase en contacto con nosotros.<\/p>\n","protected":false},"author":1,"featured_media":1102965,"parent":0,"menu_order":999,"comment_status":"closed","ping_status":"closed","template":"","meta":{"_et_pb_use_builder":"on","_et_pb_old_content":"[et_pb_section fb_built=\"1\" _builder_version=\"4.27.4\" _module_preset=\"default\" custom_margin=\"0px||0px||false|false\" custom_padding=\"10vh||0px||false|false\" global_colors_info=\"{}\"][et_pb_row _builder_version=\"4.26.0\" _module_preset=\"default\" custom_margin=\"0px||||false|false\" custom_padding=\"0px||||false|false\" global_colors_info=\"{}\"][et_pb_column type=\"4_4\" _builder_version=\"4.25.2\" _module_preset=\"default\" pac_dcm_carousel_specific_module_num=\"0\" global_colors_info=\"{}\"][et_pb_image src=\"https:\/\/paris-elysees.com\/wp-content\/uploads\/2024\/07\/HP_00_ParisElysees-100.png\" alt=\"Paris Elysees Parfums\" title_text=\"Paris Elysees Parfums\" align=\"center\" admin_label=\"Logo_Image\" _builder_version=\"4.27.4\" _module_preset=\"default\" global_colors_info=\"{}\"][\/et_pb_image][et_pb_text admin_label=\"Title_Text\" _builder_version=\"4.25.2\" _module_preset=\"default\" header_font=\"--et_global_heading_font|600|||||||\" header_text_align=\"center\" header_text_color=\"#000000\" header_font_size=\"16px\" header_letter_spacing=\"0.2px\" global_colors_info=\"{}\"]<h1>Paris Elysees Parfums<\/h1>[\/et_pb_text][et_pb_text admin_label=\"Main_Text\" _builder_version=\"4.27.4\" _module_preset=\"default\" text_font=\"--et_global_body_font|500|||||||\" text_text_color=\"#000000\" link_font=\"--et_global_body_font|500|||||||\" link_text_align=\"center\" link_text_color=\"#000000\" header_2_font=\"--et_global_heading_font|600||on|||||\" header_2_text_align=\"center\" header_2_text_color=\"#000000\" header_2_font_size=\"18px\" header_2_letter_spacing=\"0.2px\" header_2_line_height=\"1.2em\" background_color=\"#f3f3f4\" text_orientation=\"center\" module_alignment=\"center\" custom_margin=\"20px|80px|20px|80px|true|true\" custom_margin_tablet=\"|50px||50px|true|true\" custom_margin_phone=\"20px|10px|20px|10px|true|true\" custom_margin_last_edited=\"on|phone\" custom_padding=\"80px|20px|60px|20px|false|true\" border_radii=\"on|25px|25px|25px|25px\" global_colors_info=\"{}\" link_text_color__hover_enabled=\"on|hover\" link_text_color__hover=\"#777777\"]<h2 style=\"padding-bottom:20px;\">Our website is undergoing maintenance<\/h2>\r\n<p style=\"padding-bottom:30px;\">We apologise for the inconvenience.\r\nDuring its unavailability, you can still find us on:<\/p>\r\n\r\n<p><span style=\"border:1px solid #000000;padding:12px 40px 12px 40px;border-radius:25px;\"><a href=\"https:\/\/paris-elysees.fr\" title=\"Find our perfumes on paris-elysees.fr\">https:\/\/paris-elysees.fr<\/a><\/span><\/p>\r\n\r\n<p style=\"padding:20px 0px;\">This scheduled maintenance of our website should not last more than a few hours.\r\nWe look forward to seeing you soon on our new website and online shop!<\/p>[\/et_pb_text][et_pb_text admin_label=\"Trouble_Text\" _builder_version=\"4.27.4\" _module_preset=\"default\" text_font=\"--et_global_body_font|500|||||||\" text_text_color=\"#000000\" link_font=\"--et_global_body_font|500|||||||\" link_text_align=\"center\" link_text_color=\"#000000\" header_2_font=\"--et_global_heading_font|600||on|||||\" header_2_text_align=\"center\" header_2_text_color=\"#000000\" header_2_font_size=\"13px\" header_2_letter_spacing=\"0.2px\" header_2_line_height=\"1.2em\" background_color=\"#FFFFFF\" text_orientation=\"center\" module_alignment=\"center\" custom_margin=\"40px||0px||false|false\" custom_margin_tablet=\"|50px||50px|true|true\" custom_margin_phone=\"20px|10px|20px|10px|true|true\" custom_margin_last_edited=\"off|desktop\" custom_padding=\"||||false|false\" border_radii=\"on|50px|50px|50px|50px\" global_colors_info=\"{}\" link_text_color__hover=\"#777777\" link_text_color__hover_enabled=\"on|hover\"]<p>If you have any questions or requests about our brands or products, please <a href=\"mailto:admin@paris-elysees.com\" title=\"Get in Touch with paris Elysees Parfums\">contact us<\/a>.<\/p>[\/et_pb_text][et_pb_text admin_label=\"Footer_Text\" _builder_version=\"4.27.0\" _dynamic_attributes=\"content\" _module_preset=\"default\" text_font=\"--et_global_body_font|500|||||||\" text_text_color=\"#000000\" link_font=\"--et_global_body_font|500|||||||\" link_text_align=\"center\" link_text_color=\"#000000\" header_2_font=\"--et_global_heading_font|600||on|||||\" header_2_text_align=\"center\" header_2_text_color=\"#000000\" header_2_font_size=\"13px\" header_2_letter_spacing=\"0.2px\" header_2_line_height=\"1.2em\" background_color=\"#FFFFFF\" text_orientation=\"center\" module_alignment=\"center\" custom_margin=\"0px||||false|false\" custom_padding=\"||||false|false\" border_radii=\"on|50px|50px|50px|50px\" global_colors_info=\"{}\" link_text_color__hover=\"#777777\" link_text_color__hover_enabled=\"on|hover\"]@ET-DC@eyJkeW5hbWljIjp0cnVlLCJjb250ZW50IjoiY3VycmVudF9kYXRlIiwic2V0dGluZ3MiOnsiYmVmb3JlIjoiJmNvcHk7ICIsImFmdGVyIjoiIDxhIGhyZWY9XCJodHRwczovL3BhcmlzLWVseXNlZXMuY29tXCI+UGFyaXMgRWx5c2VlcyBQYXJmdW1zPC9hPiAtIEFsbCByaWdodHMgcmVzZXJ2ZWQuIiwiZGF0ZV9mb3JtYXQiOiJjdXN0b20iLCJjdXN0b21fZGF0ZV9mb3JtYXQiOiJZIn19@[\/et_pb_text][\/et_pb_column][\/et_pb_row][\/et_pb_section]","_et_gb_content_width":"","footnotes":""},"class_list":["post-1102964","page","type-page","status-publish","has-post-thumbnail","hentry"],"_links":{"self":[{"href":"https:\/\/paris-elysees.com\/es\/wp-json\/wp\/v2\/pages\/1102964","targetHints":{"allow":["GET"]}}],"collection":[{"href":"https:\/\/paris-elysees.com\/es\/wp-json\/wp\/v2\/pages"}],"about":[{"href":"https:\/\/paris-elysees.com\/es\/wp-json\/wp\/v2\/types\/page"}],"author":[{"embeddable":true,"href":"https:\/\/paris-elysees.com\/es\/wp-json\/wp\/v2\/users\/1"}],"replies":[{"embeddable":true,"href":"https:\/\/paris-elysees.com\/es\/wp-json\/wp\/v2\/comments?post=1102964"}],"version-history":[{"count":0,"href":"https:\/\/paris-elysees.com\/es\/wp-json\/wp\/v2\/pages\/1102964\/revisions"}],"wp:featuredmedia":[{"embeddable":true,"href":"https:\/\/paris-elysees.com\/es\/wp-json\/wp\/v2\/media\/1102965"}],"wp:attachment":[{"href":"https:\/\/paris-elysees.com\/es\/wp-json\/wp\/v2\/media?parent=1102964"}],"curies":[{"name":"wp","href":"https:\/\/api.w.org\/{rel}","templated":true}]}}